{"id":24,"date":"2014-03-13T16:03:05","date_gmt":"2014-03-13T15:03:05","guid":{"rendered":"http:\/\/dietmarwalz.info\/?page_id=24"},"modified":"2014-03-13T18:24:23","modified_gmt":"2014-03-13T17:24:23","slug":"ich-schaue-von-allen-seiten-genau-hin","status":"publish","type":"page","link":"https:\/\/dietmarwalz.info\/?page_id=24","title":{"rendered":"ICH SCHAUE VON ALLEN SEITEN GENAU HIN."},"content":{"rendered":"<p>Auch bei Warenwirtschaftsprojekten gibt es\u00a0Aufgabenstellungen, die mit der\u00a0IT-Infrastruktur verbunden sind, wie zum Beispiel Anbindungen von:<\/p>\n<ul>\n<li>Dokumentenmanagementsystemen<\/li>\n<li>Mailclients<\/li>\n<li>Webservern<\/li>\n<li>CRM-Systemen<\/li>\n<li>PDM\/PLM und CAD-Systemen<\/li>\n<li>Scanner-L\u00f6sungen<\/li>\n<li>Datenaustauschplattformen (EDI)<\/li>\n<\/ul>\n<p>oder der Aufbau und die Verwaltung von<\/p>\n<ul>\n<li>Datenbanksystemen<\/li>\n<li>Backups<\/li>\n<li>Ausfallszenarien mit Clusterl\u00f6sungen<\/li>\n<li>Einbindung von Cloud-Systemen<\/li>\n<li>zentrale Verwaltung der Anwender<\/li>\n<\/ul>\n<p>Gern mache ich mir auch ein Bild Ihrer IT-Umgebung und unterbreite Vorschl\u00e4ge f\u00fcr m\u00f6gliche Ver\u00e4nderungen\/Anpassungen oder begleite Sie in Projekten. Ich \u00fcbernehme die \u201cSicht von oben auf die komplette L\u00f6sung\u201d und entwickle daraus Pakete f\u00fcr die Umsetzung aller notwendigen Anpassungen, um Schritt f\u00fcr Schritt das gesteckte Ziel zu erreichen.<\/p>\n","protected":false},"excerpt":{"rendered":"<p>Auch bei Warenwirtschaftsprojekten gibt es\u00a0Aufgabenstellungen, die mit der\u00a0IT-Infrastruktur verbunden sind, wie zum Beispiel Anbindungen von: Dokumentenmanagementsystemen Mailclients Webservern CRM-Systemen PDM\/PLM und CAD-Systemen Scanner-L\u00f6sungen Datenaustauschplattformen (EDI) oder der Aufbau und die Verwaltung von Datenbanksystemen Backups Ausfallszenarien mit Clusterl\u00f6sungen Einbindung von Cloud-Systemen zentrale Verwaltung der Anwender Gern mache ich mir auch ein Bild Ihrer IT-Umgebung und unterbreite &hellip; <a href=\"https:\/\/dietmarwalz.info\/?page_id=24\" class=\"more-link\"><span class=\"screen-reader-text\">ICH SCHAUE VON ALLEN SEITEN GENAU HIN.<\/span> weiterlesen <span class=\"meta-nav\">&rarr;<\/span><\/a><\/p>\n","protected":false},"author":1,"featured_media":0,"parent":0,"menu_order":0,"comment_status":"closed","ping_status":"closed","template":"","meta":{"footnotes":""},"class_list":["post-24","page","type-page","status-publish","hentry"],"_links":{"self":[{"href":"https:\/\/dietmarwalz.info\/index.php?rest_route=\/wp\/v2\/pages\/24","targetHints":{"allow":["GET"]}}],"collection":[{"href":"https:\/\/dietmarwalz.info\/index.php?rest_route=\/wp\/v2\/pages"}],"about":[{"href":"https:\/\/dietmarwalz.info\/index.php?rest_route=\/wp\/v2\/types\/page"}],"author":[{"embeddable":true,"href":"https:\/\/dietmarwalz.info\/index.php?rest_route=\/wp\/v2\/users\/1"}],"replies":[{"embeddable":true,"href":"https:\/\/dietmarwalz.info\/index.php?rest_route=%2Fwp%2Fv2%2Fcomments&post=24"}],"version-history":[{"count":1,"href":"https:\/\/dietmarwalz.info\/index.php?rest_route=\/wp\/v2\/pages\/24\/revisions"}],"predecessor-version":[{"id":26,"href":"https:\/\/dietmarwalz.info\/index.php?rest_route=\/wp\/v2\/pages\/24\/revisions\/26"}],"wp:attachment":[{"href":"https:\/\/dietmarwalz.info\/index.php?rest_route=%2Fwp%2Fv2%2Fmedia&parent=24"}],"curies":[{"name":"wp","href":"https:\/\/api.w.org\/{rel}","templated":true}]}}