{"id":21,"date":"2014-03-13T16:02:33","date_gmt":"2014-03-13T15:02:33","guid":{"rendered":"http:\/\/dietmarwalz.info\/?page_id=21"},"modified":"2020-06-10T10:07:37","modified_gmt":"2020-06-10T08:07:37","slug":"sie-haben-das-potenzial-ich-hole-es-ans-licht","status":"publish","type":"page","link":"https:\/\/dietmarwalz.info\/?page_id=21","title":{"rendered":"SIE HABEN DAS POTENZIAL.<br>ICH HOLE ES ANS LICHT."},"content":{"rendered":"<p>Die Einf\u00fchrung von Warenwirtschaftssystemen\/ERP-Systemen wird gern als \u201cK\u00f6nigsdisziplin\u201d in der IT bezeichnet. Denn hierbei gilt es, alle kritischen Prozesse entlang der Wertsch\u00f6pfungskette herauszuarbeiten, die im sp\u00e4teren Betrieb daf\u00fcr sorgen, dass sich die Investition gelohnt hat, da alle Prozesse reibungslos(er) ablaufen.<\/p>\n<p>Liegt die Einf\u00fchrung einer integrierten Unternehmensl\u00f6sung bei Ihnen schon l\u00e4nger zur\u00fcck, kann eine \u00dcberpr\u00fcfung des Systems nach aktuellen Ma\u00dfst\u00e4ben und aufgrund ver\u00e4nderter Prozesse im Unternehmen das Potential Ihres Warenwirtschaftssystems deutlich verbessern. Ob Sie dazu eine neue Version Ihres bisherigen Systems, \u00a0zus\u00e4tzliche Module oder ein neues System ben\u00f6tigen, finde ich f\u00fcr Sie heraus.<\/p>\n<p>Meine bisherigen Projekte basieren auf der integrierten Unternehmensl\u00f6sung \u201cDynamcis 365 Business Central&#8220; (vormals &#8222;Dynamics NAV\u201d, vormals &#8222;Navision&#8220;) von Microsoft, die individuell anpassbar, einfach zu bedienen, umfassend ausgestattet und schnell eingef\u00fchrt ist.<\/p>\n<p><b>Ihre Vorteile:<\/b><\/p>\n<ul>\n<li>Investitionssicherheit durch ein zukunftssicheres Produkt<\/li>\n<li>Einfache Bedienung im Office-Stil<\/li>\n<li>Notwendige Anpassungen an Reports und am Programm k\u00f6nnen auf Wunsch durch Sie selbst durchgef\u00fchrt werden<\/li>\n<li>Sie haben kompletten Zugriff auf den Quelltext Ihrer L\u00f6sung, ein Wechsel des betreuenden Partners ist jederzeit m\u00f6glich<\/li>\n<li><span style=\"line-height: 1.5;\">Die Integration mit anderen Microsoft-Produkten garantiert h\u00f6chstm\u00f6gliche Integration des Warenwirtschaftssystems im Unternehmen und zahlreiche Synergien<\/span><\/li>\n<\/ul>\n","protected":false},"excerpt":{"rendered":"<p>Die Einf\u00fchrung von Warenwirtschaftssystemen\/ERP-Systemen wird gern als \u201cK\u00f6nigsdisziplin\u201d in der IT bezeichnet. Denn hierbei gilt es, alle kritischen Prozesse entlang der Wertsch\u00f6pfungskette herauszuarbeiten, die im sp\u00e4teren Betrieb daf\u00fcr sorgen, dass sich die Investition gelohnt hat, da alle Prozesse reibungslos(er) ablaufen. Liegt die Einf\u00fchrung einer integrierten Unternehmensl\u00f6sung bei Ihnen schon l\u00e4nger zur\u00fcck, kann eine \u00dcberpr\u00fcfung des &hellip; <a href=\"https:\/\/dietmarwalz.info\/?page_id=21\" class=\"more-link\"><span class=\"screen-reader-text\">SIE HABEN DAS POTENZIAL.<br \/>ICH HOLE ES ANS LICHT.<\/span> weiterlesen <span class=\"meta-nav\">&rarr;<\/span><\/a><\/p>\n","protected":false},"author":1,"featured_media":0,"parent":0,"menu_order":0,"comment_status":"closed","ping_status":"closed","template":"","meta":{"footnotes":""},"class_list":["post-21","page","type-page","status-publish","hentry"],"_links":{"self":[{"href":"https:\/\/dietmarwalz.info\/index.php?rest_route=\/wp\/v2\/pages\/21","targetHints":{"allow":["GET"]}}],"collection":[{"href":"https:\/\/dietmarwalz.info\/index.php?rest_route=\/wp\/v2\/pages"}],"about":[{"href":"https:\/\/dietmarwalz.info\/index.php?rest_route=\/wp\/v2\/types\/page"}],"author":[{"embeddable":true,"href":"https:\/\/dietmarwalz.info\/index.php?rest_route=\/wp\/v2\/users\/1"}],"replies":[{"embeddable":true,"href":"https:\/\/dietmarwalz.info\/index.php?rest_route=%2Fwp%2Fv2%2Fcomments&post=21"}],"version-history":[{"count":5,"href":"https:\/\/dietmarwalz.info\/index.php?rest_route=\/wp\/v2\/pages\/21\/revisions"}],"predecessor-version":[{"id":166,"href":"https:\/\/dietmarwalz.info\/index.php?rest_route=\/wp\/v2\/pages\/21\/revisions\/166"}],"wp:attachment":[{"href":"https:\/\/dietmarwalz.info\/index.php?rest_route=%2Fwp%2Fv2%2Fmedia&parent=21"}],"curies":[{"name":"wp","href":"https:\/\/api.w.org\/{rel}","templated":true}]}}