{"id":15,"date":"2014-03-13T16:01:20","date_gmt":"2014-03-13T15:01:20","guid":{"rendered":"http:\/\/dietmarwalz.info\/?page_id=15"},"modified":"2016-06-16T14:06:00","modified_gmt":"2016-06-16T12:06:00","slug":"ihre-prozesse-sind-meine-passion","status":"publish","type":"page","link":"https:\/\/dietmarwalz.info\/?page_id=15","title":{"rendered":"IHRE PROZESSE SIND MEINE PASSION."},"content":{"rendered":"<p>Die Welt der IT ist bereits seit 1992 meine Spielwiese. Als Projektleiter und Consultant mit Personal- und Budgetverantwortung habe ich unz\u00e4hlige kleine und gro\u00dfe IT-Infrastrukturprojekte in den Jahren 1992 bis 2005 realisiert. Dazu geh\u00f6rten z.B. Geb\u00e4udeplanung mit\u00a0Stockwerksverteilung, Backupszenarien \u00fcber mehrere Lokationen hinweg, Notfallpl\u00e4ne oder auch die automatisierte Softwareverteilung f\u00fcr Clients mit\u00a0bis zu 3.500 PCs. Ich habe komplette Serverlandschaften, zuerst auf Basis von Novell und OS\/2 sowie sp\u00e4ter unter Windows, aufgesetzt und mir ein sehr breites IT-Know-How angeeignet,\u00a0das mir\u00a0eine ausgesprochen gute Einsch\u00e4tzung von Trendthemen und realistischen L\u00f6sungsm\u00f6glichkeiten bietet.<\/p>\n<p>Als freier Systemberater liegt mein Schwerpunkt seit 2004 auf der Prozessoptimierung und Integration von Unternehmensl\u00f6sungen (Warenwirtschaftssysteme \/ ERP-Systeme). Die Analyse von Ist- und die Abstimmung von Soll-Prozessen sowie deren Optimierung bzw. Einf\u00fchrung \u2013 immer in Zusammenarbeit mit den Verantwortlichen und den Anwendern meiner Kunden \u2013\u00a0sind meine Kernkompetenzen. Auch Ihnen biete ich neben der reinen Beratung und Implementierung die Unterst\u00fctzung durch Workshops, Schulungen, Designkonzepte, Testszenarien, Echtstart-Unterst\u00fctzung, Problemanalysen usw. an.<\/p>\n<p>Freuen Sie sich auf einen Partner, der Sie mit einem \u00fcberdurchschnittlichen Ma\u00df an Engagement, absoluter Zuverl\u00e4ssigkeit, fundiertem Fachwissen und\u00a0einer Offenheit \u00fcberzeugen wird, die in dieser Branche nicht selbstverst\u00e4ndlich sind.<\/p>\n","protected":false},"excerpt":{"rendered":"<p>Die Welt der IT ist bereits seit 1992 meine Spielwiese. Als Projektleiter und Consultant mit Personal- und Budgetverantwortung habe ich unz\u00e4hlige kleine und gro\u00dfe IT-Infrastrukturprojekte in den Jahren 1992 bis 2005 realisiert. Dazu geh\u00f6rten z.B. Geb\u00e4udeplanung mit\u00a0Stockwerksverteilung, Backupszenarien \u00fcber mehrere Lokationen hinweg, Notfallpl\u00e4ne oder auch die automatisierte Softwareverteilung f\u00fcr Clients mit\u00a0bis zu 3.500 PCs. Ich &hellip; <a href=\"https:\/\/dietmarwalz.info\/?page_id=15\" class=\"more-link\"><span class=\"screen-reader-text\">IHRE PROZESSE SIND MEINE PASSION.<\/span> weiterlesen <span class=\"meta-nav\">&rarr;<\/span><\/a><\/p>\n","protected":false},"author":1,"featured_media":0,"parent":0,"menu_order":0,"comment_status":"closed","ping_status":"closed","template":"","meta":{"footnotes":""},"class_list":["post-15","page","type-page","status-publish","hentry"],"_links":{"self":[{"href":"https:\/\/dietmarwalz.info\/index.php?rest_route=\/wp\/v2\/pages\/15","targetHints":{"allow":["GET"]}}],"collection":[{"href":"https:\/\/dietmarwalz.info\/index.php?rest_route=\/wp\/v2\/pages"}],"about":[{"href":"https:\/\/dietmarwalz.info\/index.php?rest_route=\/wp\/v2\/types\/page"}],"author":[{"embeddable":true,"href":"https:\/\/dietmarwalz.info\/index.php?rest_route=\/wp\/v2\/users\/1"}],"replies":[{"embeddable":true,"href":"https:\/\/dietmarwalz.info\/index.php?rest_route=%2Fwp%2Fv2%2Fcomments&post=15"}],"version-history":[{"count":4,"href":"https:\/\/dietmarwalz.info\/index.php?rest_route=\/wp\/v2\/pages\/15\/revisions"}],"predecessor-version":[{"id":110,"href":"https:\/\/dietmarwalz.info\/index.php?rest_route=\/wp\/v2\/pages\/15\/revisions\/110"}],"wp:attachment":[{"href":"https:\/\/dietmarwalz.info\/index.php?rest_route=%2Fwp%2Fv2%2Fmedia&parent=15"}],"curies":[{"name":"wp","href":"https:\/\/api.w.org\/{rel}","templated":true}]}}